{"id":364,"date":"2017-12-15T10:41:07","date_gmt":"2017-12-15T10:41:07","guid":{"rendered":"http:\/\/fly-tirol.at\/?page_id=364"},"modified":"2026-04-07T16:30:10","modified_gmt":"2026-04-07T14:30:10","slug":"wetter","status":"publish","type":"page","link":"https:\/\/www.fly-tirol.at\/?page_id=364","title":{"rendered":"Wetter"},"content":{"rendered":"\n<h3>Live Daten vom L\u00e4rchfilzkogel<\/h3>\n<figure><iframe loading=\"lazy\" style=\"width: 100%; height: 200px;\" src=\"https:\/\/weather.fly-tirol.at\" width=\"100%\" height=\"200\" frameborder=\"0\"><\/iframe><\/figure>\n\n\n\n<figure><div class=\"BorlabsCookie _brlbs-cb-default\"><div class=\"_brlbs-content-blocker\"> <div class=\"_brlbs-default\"> <p>Klicken Sie auf den unteren Button, um den Inhalt von embed.windy.com zu laden.<\/p> <p><a class=\"_brlbs-btn\" href=\"#\" data-borlabs-cookie-unblock role=\"button\">Inhalt laden<\/a><\/p> <\/div> <\/div><div class=\"borlabs-hide\" data-borlabs-cookie-type=\"content-blocker\" data-borlabs-cookie-id=\"default\"><script type=\"text\/template\">PGlmcmFtZSBsb2FkaW5nPSJsYXp5IiBzdHlsZT0id2lkdGg6IDEwMCU7IGhlaWdodDogNDUwcHg7IiBzcmM9Imh0dHBzOi8vZW1iZWQud2luZHkuY29tL2VtYmVkMi5odG1sP2xhdD00Ny40ODUmYW1wO2xvbj0xMi41NDgmYW1wO3pvb209MTEmYW1wO2xldmVsPTg1MGgmYW1wO292ZXJsYXk9d2luZCZhbXA7bWVudT0mYW1wO21lc3NhZ2U9JmFtcDttYXJrZXI9JmFtcDtmb3JlY2FzdD0xMiZhbXA7Y2FsZW5kYXI9bm93JmFtcDtsb2NhdGlvbj1jb29yZGluYXRlcyZhbXA7dHlwZT1tYXAmYW1wO2FjdHVhbEdyaWQ9JmFtcDttZXRyaWNXaW5kPWttJTJGaCZhbXA7bWV0cmljVGVtcD0lQzIlQjBDIiB3aWR0aD0iMTAwJSIgaGVpZ2h0PSI0NTAiIGZyYW1lYm9yZGVyPSIwIj48c3BhbiBkYXRhLW1jZS10eXBlPSJib29rbWFyayIgc3R5bGU9ImRpc3BsYXk6IGlubGluZS1ibG9jazsgd2lkdGg6IDBweDsgb3ZlcmZsb3c6IGhpZGRlbjsgbGluZS1oZWlnaHQ6IDA7IiBjbGFzcz0ibWNlX1NFTFJFU19zdGFydCI+77u\/PC9zcGFuPjxzcGFuIGRhdGEtbWNlLXR5cGU9ImJvb2ttYXJrIiBzdHlsZT0iZGlzcGxheTogaW5saW5lLWJsb2NrOyB3aWR0aDogMHB4OyBvdmVyZmxvdzogaGlkZGVuOyBsaW5lLWhlaWdodDogMDsiIGNsYXNzPSJtY2VfU0VMUkVTX3N0YXJ0Ij7vu788L3NwYW4+PHNwYW4gZGF0YS1tY2UtdHlwZT0iYm9va21hcmsiIHN0eWxlPSJkaXNwbGF5OiBpbmxpbmUtYmxvY2s7IHdpZHRoOiAwcHg7IG92ZXJmbG93OiBoaWRkZW47IGxpbmUtaGVpZ2h0OiAwOyIgY2xhc3M9Im1jZV9TRUxSRVNfc3RhcnQiPu+7vzwvc3Bhbj48c3BhbiBkYXRhLW1jZS10eXBlPSJib29rbWFyayIgc3R5bGU9ImRpc3BsYXk6IGlubGluZS1ibG9jazsgd2lkdGg6IDBweDsgb3ZlcmZsb3c6IGhpZGRlbjsgbGluZS1oZWlnaHQ6IDA7IiBjbGFzcz0ibWNlX1NFTFJFU19zdGFydCI+77u\/PC9zcGFuPjwvaWZyYW1lPg==<\/script><\/div><\/div><\/figure>\n\n\n\n<h3 class=\"wp-block-heading\">Webcam &#8211; L\u00e4rchfilzkogel<\/h3>\n\n\n\n<p><video id=\"my_video_1\" style=\"height: 373.5px; max-width: 664px; \/* margin: 0 auto;\" poster=\"https:\/\/www.bergbahnen-fieberbrunn.at\/sites\/default\/files\/styles\/webcam_thumb\/public\/webcam\/webcam_fieberbrunn_cam4_hd.jpg?itok=mc7pJeqL&amp;rand=1541\" controls=\"controls\" width=\"100%\" height=\"auto\"><source type=\"video\/webm\" src=\"\/\/portal.live-panorama.com\/fieberbrunn\/_fieberbrunn4.webm?rand=4034\"><source type=\"video\/mp4\" src=\"\/\/portal.live-panorama.com\/fieberbrunn\/fieberbrunn4.mp4?rand=2901\"><\/video><\/p>\n\n\n\n<h3 class=\"wp-block-heading\">Wetter Info Hochh\u00f6rndl<\/h3>\n\n\n\n<figure class=\"wp-block-image\"><img decoding=\"async\" src=\"https:\/\/lawine.tirol.gv.at\/data\/grafiken\/540\/standard\/dreitage\/hochhoerndl.png\" alt=\"Quelle: Lawine Tirol\"\/><\/figure>\n\n\n\n<p><a href=\"https:\/\/lawine.tirol.gv.at\/schnee-lawineninfo\/wetterstationen\/\" target=\"_blank\" rel=\"noopener noreferrer\"><br><br><\/a><br>Quelle: Lawine Tirol<\/p>\n\n\n\n<p>Wettervorhersage<\/p>\n\n\n\n<figure><div class=\"BorlabsCookie _brlbs-cb-default\"><div class=\"_brlbs-content-blocker\"> <div class=\"_brlbs-default\"> <p>Klicken Sie auf den unteren Button, um den Inhalt von www.meteoblue.com zu laden.<\/p> <p><a class=\"_brlbs-btn\" href=\"#\" data-borlabs-cookie-unblock role=\"button\">Inhalt laden<\/a><\/p> <\/div> <\/div><div class=\"borlabs-hide\" data-borlabs-cookie-type=\"content-blocker\" data-borlabs-cookie-id=\"default\"><script type=\"text\/template\">PGlmcmFtZSBzdHlsZT0id2lkdGg6IDM3OHB4OyBoZWlnaHQ6IDQzNXB4OyBiYWNrZ3JvdW5kLWNvbG9yOiMwYjM5NTU7IiBzcmM9Imh0dHBzOi8vd3d3Lm1ldGVvYmx1ZS5jb20vZGUvd2V0dGVyL3dpZGdldC9kYWlseS9maWViZXJicnVubl8lYzMlOTZzdGVycmVpY2hfMjc3OTU5NT9nZW9sb2M9Zml4ZWQmYW1wO2RheXM9NyZhbXA7dGVtcHVuaXQ9Q0VMU0lVUyZhbXA7d2luZHVuaXQ9S0lMT01FVEVSX1BFUl9IT1VSJmFtcDtwcmVjaXB1bml0PU1JTExJTUVURVImYW1wO2NvbG91cmVkPWNvbG91cmVkJmFtcDtwaWN0b2ljb249MCZhbXA7cGljdG9pY29uPTEmYW1wO21heHRlbXBlcmF0dXJlPTAmYW1wO21heHRlbXBlcmF0dXJlPTEmYW1wO21pbnRlbXBlcmF0dXJlPTAmYW1wO21pbnRlbXBlcmF0dXJlPTEmYW1wO3dpbmRzcGVlZD0wJmFtcDt3aW5kc3BlZWQ9MSZhbXA7d2luZGd1c3Q9MCZhbXA7d2luZGd1c3Q9MSZhbXA7d2luZGRpcmVjdGlvbj0wJmFtcDt3aW5kZGlyZWN0aW9uPTEmYW1wO3V2PTAmYW1wO2h1bWlkaXR5PTAmYW1wO2h1bWlkaXR5PTEmYW1wO3ByZWNpcGl0YXRpb249MCZhbXA7cHJlY2lwaXRhdGlvbj0xJmFtcDtwcmVjaXBpdGF0aW9ucHJvYmFiaWxpdHk9MCZhbXA7cHJlY2lwaXRhdGlvbnByb2JhYmlsaXR5PTEmYW1wO3Nwb3Q9MCZhbXA7c3BvdD0xJmFtcDtwcmVzc3VyZT0wJmFtcDtwcmVzc3VyZT0xJmFtcDtsYXlvdXQ9ZGFyayZhbXA7bG9jYXRpb25fdXJsPWh0dHBzJTNBJTJGJTJGd3d3Lm1ldGVvYmx1ZS5jb20lMkZkZSUyRndldHRlciUyRndpZGdldCUyRmRhaWx5JTJGZmllYmVyYnJ1bm5fJTI1YzMlMjU5NnN0ZXJyZWljaF8yNzc5NTk1JmFtcDtsb2NhdGlvbl9tYWluVXJsPWh0dHBzJTNBJTJGJTJGd3d3Lm1ldGVvYmx1ZS5jb20lMkZkZSUyRndldHRlciUyRnZvcmhlcnNhZ2UlMkZkYWlseSUyRmZpZWJlcmJydW5uXyUyNWMzJTI1OTZzdGVycmVpY2hfMjc3OTU5NSZhbXA7bm9sb2NhdGlvbl91cmw9aHR0cHMlM0ElMkYlMkZ3d3cubWV0ZW9ibHVlLmNvbSUyRmRlJTJGd2V0dGVyJTJGd2lkZ2V0JTJGZGFpbHkmYW1wO25vbG9jYXRpb25fbWFpblVybD1odHRwcyUzQSUyRiUyRnd3dy5tZXRlb2JsdWUuY29tJTJGZGUlMkZ3ZXR0ZXIlMkZ2b3JoZXJzYWdlJTJGZGFpbHkmYW1wO2RhaWx5d2lkdGg9NTQmYW1wO3RyYWNraW5nPSUzRnV0bV9zb3VyY2UlM0R3ZWF0aGVyX3dpZGdldCUyNnV0bV9tZWRpdW0lM0RsaW5rdXMlMjZ1dG1fY29udGVudCUzRGRhaWx5JTI2dXRtX2NhbXBhaWduJTNEV2VhdGhlciUyNTJCV2lkZ2V0IiBmcmFtZWJvcmRlcj0iMCIgc2Nyb2xsaW5nPSJOTyIgc2FuZGJveD0iYWxsb3ctc2FtZS1vcmlnaW4gYWxsb3ctc2NyaXB0cyBhbGxvdy1wb3B1cHMgYWxsb3ctcG9wdXBzLXRvLWVzY2FwZS1zYW5kYm94Ij48L2lmcmFtZT4=<\/script><\/div><\/div><\/figure>\n\n\n\n<div><!-- DO NOT REMOVE THIS LINK --><a href=\"https:\/\/www.meteoblue.com\/de\/wetter\/vorhersage\/daily\/fieberbrunn_%c3%96sterreich_2779595?utm_source=weather_widget&amp;utm_medium=linkus&amp;utm_content=daily&amp;utm_campaign=Weather%2BWidget\" target=\"_blank\" rel=\"noopener noreferrer\">meteoblue<\/a><\/div>\n","protected":false},"excerpt":{"rendered":"<p>Live Daten vom L\u00e4rchfilzkogel Klicken Sie auf den unteren Button, um den Inhalt von embed.windy.com zu laden. Inhalt laden Webcam &#8211; L\u00e4rchfilzkogel Wetter Info Hochh\u00f6rndl Quelle: Lawine Tirol Wettervorhersage Klicken Sie auf den unteren Button, um den Inhalt von www.meteoblue.com zu laden. Inhalt laden meteoblue<\/p>\n","protected":false},"author":4,"featured_media":0,"parent":0,"menu_order":0,"comment_status":"closed","ping_status":"closed","template":"","meta":{"footnotes":""},"class_list":["post-364","page","type-page","status-publish","hentry"],"yoast_head":"<!-- This site is optimized with the Yoast SEO plugin v27.3 - https:\/\/yoast.com\/product\/yoast-seo-wordpress\/ -->\n<title>Flugwetter Fieberbrunn | Live-Daten L\u00e4rchfilzkogel<\/title>\n<meta name=\"description\" content=\"Checke das aktuelle Flugwetter f\u00fcr Fieberbrunn. Live-Winddaten vom L\u00e4rchfilzkogel, Webcams und Prognosen f\u00fcr Paragleiter.\" \/>\n<meta name=\"robots\" content=\"index, follow, max-snippet:-1, max-image-preview:large, max-video-preview:-1\" \/>\n<link rel=\"canonical\" href=\"https:\/\/www.fly-tirol.at\/?page_id=364\" \/>\n<meta property=\"og:locale\" content=\"de_DE\" \/>\n<meta property=\"og:type\" content=\"article\" \/>\n<meta property=\"og:title\" content=\"Flugwetter Fieberbrunn | Live-Daten L\u00e4rchfilzkogel\" \/>\n<meta property=\"og:description\" content=\"Checke das aktuelle Flugwetter f\u00fcr Fieberbrunn. Live-Winddaten vom L\u00e4rchfilzkogel, Webcams und Prognosen f\u00fcr Paragleiter.\" \/>\n<meta property=\"og:url\" content=\"https:\/\/www.fly-tirol.at\/?page_id=364\" \/>\n<meta property=\"og:site_name\" content=\"Fly Tirol\" \/>\n<meta property=\"article:modified_time\" content=\"2026-04-07T14:30:10+00:00\" \/>\n<meta property=\"og:image\" content=\"https:\/\/lawine.tirol.gv.at\/data\/grafiken\/540\/standard\/dreitage\/hochhoerndl.png\" \/>\n<meta name=\"twitter:card\" content=\"summary_large_image\" \/>\n<meta name=\"twitter:label1\" content=\"Gesch\u00e4tzte Lesezeit\" \/>\n\t<meta name=\"twitter:data1\" content=\"1\u00a0Minute\" \/>\n<script type=\"application\/ld+json\" class=\"yoast-schema-graph\">{\"@context\":\"https:\\\/\\\/schema.org\",\"@graph\":[{\"@type\":\"WebPage\",\"@id\":\"https:\\\/\\\/www.fly-tirol.at\\\/?page_id=364\",\"url\":\"https:\\\/\\\/www.fly-tirol.at\\\/?page_id=364\",\"name\":\"Flugwetter Fieberbrunn | Live-Daten L\u00e4rchfilzkogel\",\"isPartOf\":{\"@id\":\"https:\\\/\\\/www.fly-tirol.at\\\/#website\"},\"primaryImageOfPage\":{\"@id\":\"https:\\\/\\\/www.fly-tirol.at\\\/?page_id=364#primaryimage\"},\"image\":{\"@id\":\"https:\\\/\\\/www.fly-tirol.at\\\/?page_id=364#primaryimage\"},\"thumbnailUrl\":\"https:\\\/\\\/lawine.tirol.gv.at\\\/data\\\/grafiken\\\/540\\\/standard\\\/dreitage\\\/hochhoerndl.png\",\"datePublished\":\"2017-12-15T10:41:07+00:00\",\"dateModified\":\"2026-04-07T14:30:10+00:00\",\"description\":\"Checke das aktuelle Flugwetter f\u00fcr Fieberbrunn. Live-Winddaten vom L\u00e4rchfilzkogel, Webcams und Prognosen f\u00fcr Paragleiter.\",\"breadcrumb\":{\"@id\":\"https:\\\/\\\/www.fly-tirol.at\\\/?page_id=364#breadcrumb\"},\"inLanguage\":\"de\",\"potentialAction\":[{\"@type\":\"ReadAction\",\"target\":[\"https:\\\/\\\/www.fly-tirol.at\\\/?page_id=364\"]}]},{\"@type\":\"ImageObject\",\"inLanguage\":\"de\",\"@id\":\"https:\\\/\\\/www.fly-tirol.at\\\/?page_id=364#primaryimage\",\"url\":\"https:\\\/\\\/lawine.tirol.gv.at\\\/data\\\/grafiken\\\/540\\\/standard\\\/dreitage\\\/hochhoerndl.png\",\"contentUrl\":\"https:\\\/\\\/lawine.tirol.gv.at\\\/data\\\/grafiken\\\/540\\\/standard\\\/dreitage\\\/hochhoerndl.png\"},{\"@type\":\"BreadcrumbList\",\"@id\":\"https:\\\/\\\/www.fly-tirol.at\\\/?page_id=364#breadcrumb\",\"itemListElement\":[{\"@type\":\"ListItem\",\"position\":1,\"name\":\"Start\",\"item\":\"https:\\\/\\\/www.fly-tirol.at\\\/\"},{\"@type\":\"ListItem\",\"position\":2,\"name\":\"Wetter\"}]},{\"@type\":\"WebSite\",\"@id\":\"https:\\\/\\\/www.fly-tirol.at\\\/#website\",\"url\":\"https:\\\/\\\/www.fly-tirol.at\\\/\",\"name\":\"Fly Tirol\",\"description\":\"Drachen und Paragleiter Verein Fieberbrunn\",\"publisher\":{\"@id\":\"https:\\\/\\\/www.fly-tirol.at\\\/#organization\"},\"potentialAction\":[{\"@type\":\"SearchAction\",\"target\":{\"@type\":\"EntryPoint\",\"urlTemplate\":\"https:\\\/\\\/www.fly-tirol.at\\\/?s={search_term_string}\"},\"query-input\":{\"@type\":\"PropertyValueSpecification\",\"valueRequired\":true,\"valueName\":\"search_term_string\"}}],\"inLanguage\":\"de\"},{\"@type\":\"Organization\",\"@id\":\"https:\\\/\\\/www.fly-tirol.at\\\/#organization\",\"name\":\"DFC Fieberbrunn\",\"url\":\"https:\\\/\\\/www.fly-tirol.at\\\/\",\"logo\":{\"@type\":\"ImageObject\",\"inLanguage\":\"de\",\"@id\":\"https:\\\/\\\/www.fly-tirol.at\\\/#\\\/schema\\\/logo\\\/image\\\/\",\"url\":\"https:\\\/\\\/www.fly-tirol.at\\\/wp-content\\\/uploads\\\/2026\\\/04\\\/Logo-transparent.png\",\"contentUrl\":\"https:\\\/\\\/www.fly-tirol.at\\\/wp-content\\\/uploads\\\/2026\\\/04\\\/Logo-transparent.png\",\"width\":894,\"height\":275,\"caption\":\"DFC Fieberbrunn\"},\"image\":{\"@id\":\"https:\\\/\\\/www.fly-tirol.at\\\/#\\\/schema\\\/logo\\\/image\\\/\"}}]}<\/script>\n<!-- \/ Yoast SEO plugin. -->","yoast_head_json":{"title":"Flugwetter Fieberbrunn | Live-Daten L\u00e4rchfilzkogel","description":"Checke das aktuelle Flugwetter f\u00fcr Fieberbrunn. Live-Winddaten vom L\u00e4rchfilzkogel, Webcams und Prognosen f\u00fcr Paragleiter.","robots":{"index":"index","follow":"follow","max-snippet":"max-snippet:-1","max-image-preview":"max-image-preview:large","max-video-preview":"max-video-preview:-1"},"canonical":"https:\/\/www.fly-tirol.at\/?page_id=364","og_locale":"de_DE","og_type":"article","og_title":"Flugwetter Fieberbrunn | Live-Daten L\u00e4rchfilzkogel","og_description":"Checke das aktuelle Flugwetter f\u00fcr Fieberbrunn. Live-Winddaten vom L\u00e4rchfilzkogel, Webcams und Prognosen f\u00fcr Paragleiter.","og_url":"https:\/\/www.fly-tirol.at\/?page_id=364","og_site_name":"Fly Tirol","article_modified_time":"2026-04-07T14:30:10+00:00","og_image":[{"url":"https:\/\/lawine.tirol.gv.at\/data\/grafiken\/540\/standard\/dreitage\/hochhoerndl.png","type":"","width":"","height":""}],"twitter_card":"summary_large_image","twitter_misc":{"Gesch\u00e4tzte Lesezeit":"1\u00a0Minute"},"schema":{"@context":"https:\/\/schema.org","@graph":[{"@type":"WebPage","@id":"https:\/\/www.fly-tirol.at\/?page_id=364","url":"https:\/\/www.fly-tirol.at\/?page_id=364","name":"Flugwetter Fieberbrunn | Live-Daten L\u00e4rchfilzkogel","isPartOf":{"@id":"https:\/\/www.fly-tirol.at\/#website"},"primaryImageOfPage":{"@id":"https:\/\/www.fly-tirol.at\/?page_id=364#primaryimage"},"image":{"@id":"https:\/\/www.fly-tirol.at\/?page_id=364#primaryimage"},"thumbnailUrl":"https:\/\/lawine.tirol.gv.at\/data\/grafiken\/540\/standard\/dreitage\/hochhoerndl.png","datePublished":"2017-12-15T10:41:07+00:00","dateModified":"2026-04-07T14:30:10+00:00","description":"Checke das aktuelle Flugwetter f\u00fcr Fieberbrunn. Live-Winddaten vom L\u00e4rchfilzkogel, Webcams und Prognosen f\u00fcr Paragleiter.","breadcrumb":{"@id":"https:\/\/www.fly-tirol.at\/?page_id=364#breadcrumb"},"inLanguage":"de","potentialAction":[{"@type":"ReadAction","target":["https:\/\/www.fly-tirol.at\/?page_id=364"]}]},{"@type":"ImageObject","inLanguage":"de","@id":"https:\/\/www.fly-tirol.at\/?page_id=364#primaryimage","url":"https:\/\/lawine.tirol.gv.at\/data\/grafiken\/540\/standard\/dreitage\/hochhoerndl.png","contentUrl":"https:\/\/lawine.tirol.gv.at\/data\/grafiken\/540\/standard\/dreitage\/hochhoerndl.png"},{"@type":"BreadcrumbList","@id":"https:\/\/www.fly-tirol.at\/?page_id=364#breadcrumb","itemListElement":[{"@type":"ListItem","position":1,"name":"Start","item":"https:\/\/www.fly-tirol.at\/"},{"@type":"ListItem","position":2,"name":"Wetter"}]},{"@type":"WebSite","@id":"https:\/\/www.fly-tirol.at\/#website","url":"https:\/\/www.fly-tirol.at\/","name":"Fly Tirol","description":"Drachen und Paragleiter Verein Fieberbrunn","publisher":{"@id":"https:\/\/www.fly-tirol.at\/#organization"},"potentialAction":[{"@type":"SearchAction","target":{"@type":"EntryPoint","urlTemplate":"https:\/\/www.fly-tirol.at\/?s={search_term_string}"},"query-input":{"@type":"PropertyValueSpecification","valueRequired":true,"valueName":"search_term_string"}}],"inLanguage":"de"},{"@type":"Organization","@id":"https:\/\/www.fly-tirol.at\/#organization","name":"DFC Fieberbrunn","url":"https:\/\/www.fly-tirol.at\/","logo":{"@type":"ImageObject","inLanguage":"de","@id":"https:\/\/www.fly-tirol.at\/#\/schema\/logo\/image\/","url":"https:\/\/www.fly-tirol.at\/wp-content\/uploads\/2026\/04\/Logo-transparent.png","contentUrl":"https:\/\/www.fly-tirol.at\/wp-content\/uploads\/2026\/04\/Logo-transparent.png","width":894,"height":275,"caption":"DFC Fieberbrunn"},"image":{"@id":"https:\/\/www.fly-tirol.at\/#\/schema\/logo\/image\/"}}]}},"_links":{"self":[{"href":"https:\/\/www.fly-tirol.at\/index.php?rest_route=\/wp\/v2\/pages\/364","targetHints":{"allow":["GET"]}}],"collection":[{"href":"https:\/\/www.fly-tirol.at\/index.php?rest_route=\/wp\/v2\/pages"}],"about":[{"href":"https:\/\/www.fly-tirol.at\/index.php?rest_route=\/wp\/v2\/types\/page"}],"author":[{"embeddable":true,"href":"https:\/\/www.fly-tirol.at\/index.php?rest_route=\/wp\/v2\/users\/4"}],"replies":[{"embeddable":true,"href":"https:\/\/www.fly-tirol.at\/index.php?rest_route=%2Fwp%2Fv2%2Fcomments&post=364"}],"version-history":[{"count":2,"href":"https:\/\/www.fly-tirol.at\/index.php?rest_route=\/wp\/v2\/pages\/364\/revisions"}],"predecessor-version":[{"id":889,"href":"https:\/\/www.fly-tirol.at\/index.php?rest_route=\/wp\/v2\/pages\/364\/revisions\/889"}],"wp:attachment":[{"href":"https:\/\/www.fly-tirol.at\/index.php?rest_route=%2Fwp%2Fv2%2Fmedia&parent=364"}],"curies":[{"name":"wp","href":"https:\/\/api.w.org\/{rel}","templated":true}]}}