{"id":36,"date":"2017-03-14T14:44:49","date_gmt":"2017-03-14T14:44:49","guid":{"rendered":"http:\/\/fly-tirol.at\/?page_id=36"},"modified":"2026-04-07T16:25:40","modified_gmt":"2026-04-07T14:25:40","slug":"unser-club","status":"publish","type":"page","link":"https:\/\/www.fly-tirol.at\/?page_id=36","title":{"rendered":"Unser Club"},"content":{"rendered":"\n<h1>\n\t\tUnser Club\n\t<\/h1>\n\t<h2>Der DFC Vorstand<\/h2>\n<p>&nbsp;<\/p>\n\t\t\t\t<img loading=\"lazy\" decoding=\"async\" src=\"https:\/\/www.fly-tirol.at\/wp-content\/uploads\/2023\/03\/DSC03531.jpg\" alt=\"DSC03531\" itemprop=\"image\" height=\"1130\" width=\"2048\" title=\"DSC03531\" onerror=\"this.style.display='none'\"  \/>\n\tV.l.n.r.: Kassapr\u00fcfer Patrick Fankhauser und Roman J\u00f6chl, Schriftf\u00fchrer Martin Wimmer, Kassier Michael Gollner, Obmann Markus Waltl, Pilotenvertreter Erich Hinterholzer, Kassier-Stv. Raphael W\u00fcrtl.<br \/>\nNicht im Bild: Obmann-Stv. David Astl, Schriftf\u00fchrer-Stv. Christian Pletzenauer\n\n","protected":false},"excerpt":{"rendered":"<p>Unser Club Der DFC Vorstand &nbsp; V.l.n.r.: Kassapr\u00fcfer Patrick Fankhauser und Roman J\u00f6chl, Schriftf\u00fchrer Martin Wimmer, Kassier Michael Gollner, Obmann Markus Waltl, Pilotenvertreter Erich Hinterholzer, Kassier-Stv. Raphael W\u00fcrtl. Nicht im Bild: Obmann-Stv. David Astl, Schriftf\u00fchrer-Stv. Christian Pletzenauer<\/p>\n","protected":false},"author":4,"featured_media":0,"parent":0,"menu_order":0,"comment_status":"closed","ping_status":"closed","template":"","meta":{"footnotes":""},"class_list":["post-36","page","type-page","status-publish","hentry"],"yoast_head":"<!-- This site is optimized with the Yoast SEO plugin v27.3 - https:\/\/yoast.com\/product\/yoast-seo-wordpress\/ -->\n<title>Unser Club &amp; Vorstand | Fly Tirol \u2013 DFC Fieberbrunn<\/title>\n<meta name=\"description\" content=\"Erfahre mehr \u00fcber den DFC Fieberbrunn. Hier stellt sich der Vereinsvorstand des Fly Tirol Drachen- und Paragleiter-Clubs vor.\" \/>\n<meta name=\"robots\" content=\"index, follow, max-snippet:-1, max-image-preview:large, max-video-preview:-1\" \/>\n<link rel=\"canonical\" href=\"https:\/\/www.fly-tirol.at\/?page_id=36\" \/>\n<meta property=\"og:locale\" content=\"de_DE\" \/>\n<meta property=\"og:type\" content=\"article\" \/>\n<meta property=\"og:title\" content=\"Unser Club &amp; Vorstand | Fly Tirol \u2013 DFC Fieberbrunn\" \/>\n<meta property=\"og:description\" content=\"Erfahre mehr \u00fcber den DFC Fieberbrunn. Hier stellt sich der Vereinsvorstand des Fly Tirol Drachen- und Paragleiter-Clubs vor.\" \/>\n<meta property=\"og:url\" content=\"https:\/\/www.fly-tirol.at\/?page_id=36\" \/>\n<meta property=\"og:site_name\" content=\"Fly Tirol\" \/>\n<meta property=\"article:modified_time\" content=\"2026-04-07T14:25:40+00:00\" \/>\n<meta property=\"og:image\" content=\"https:\/\/www.fly-tirol.at\/wp-content\/uploads\/2023\/03\/DSC03531.jpg\" \/>\n<meta name=\"twitter:card\" content=\"summary_large_image\" \/>\n<meta name=\"twitter:label1\" content=\"Gesch\u00e4tzte Lesezeit\" \/>\n\t<meta name=\"twitter:data1\" content=\"1\u00a0Minute\" \/>\n<script type=\"application\/ld+json\" class=\"yoast-schema-graph\">{\"@context\":\"https:\\\/\\\/schema.org\",\"@graph\":[{\"@type\":\"WebPage\",\"@id\":\"https:\\\/\\\/www.fly-tirol.at\\\/?page_id=36\",\"url\":\"https:\\\/\\\/www.fly-tirol.at\\\/?page_id=36\",\"name\":\"Unser Club & Vorstand | Fly Tirol \u2013 DFC Fieberbrunn\",\"isPartOf\":{\"@id\":\"https:\\\/\\\/www.fly-tirol.at\\\/#website\"},\"primaryImageOfPage\":{\"@id\":\"https:\\\/\\\/www.fly-tirol.at\\\/?page_id=36#primaryimage\"},\"image\":{\"@id\":\"https:\\\/\\\/www.fly-tirol.at\\\/?page_id=36#primaryimage\"},\"thumbnailUrl\":\"https:\\\/\\\/www.fly-tirol.at\\\/wp-content\\\/uploads\\\/2023\\\/03\\\/DSC03531.jpg\",\"datePublished\":\"2017-03-14T14:44:49+00:00\",\"dateModified\":\"2026-04-07T14:25:40+00:00\",\"description\":\"Erfahre mehr \u00fcber den DFC Fieberbrunn. Hier stellt sich der Vereinsvorstand des Fly Tirol Drachen- und Paragleiter-Clubs vor.\",\"breadcrumb\":{\"@id\":\"https:\\\/\\\/www.fly-tirol.at\\\/?page_id=36#breadcrumb\"},\"inLanguage\":\"de\",\"potentialAction\":[{\"@type\":\"ReadAction\",\"target\":[\"https:\\\/\\\/www.fly-tirol.at\\\/?page_id=36\"]}]},{\"@type\":\"ImageObject\",\"inLanguage\":\"de\",\"@id\":\"https:\\\/\\\/www.fly-tirol.at\\\/?page_id=36#primaryimage\",\"url\":\"https:\\\/\\\/www.fly-tirol.at\\\/wp-content\\\/uploads\\\/2023\\\/03\\\/DSC03531.jpg\",\"contentUrl\":\"https:\\\/\\\/www.fly-tirol.at\\\/wp-content\\\/uploads\\\/2023\\\/03\\\/DSC03531.jpg\",\"width\":2048,\"height\":1130},{\"@type\":\"BreadcrumbList\",\"@id\":\"https:\\\/\\\/www.fly-tirol.at\\\/?page_id=36#breadcrumb\",\"itemListElement\":[{\"@type\":\"ListItem\",\"position\":1,\"name\":\"Start\",\"item\":\"https:\\\/\\\/www.fly-tirol.at\\\/\"},{\"@type\":\"ListItem\",\"position\":2,\"name\":\"Unser Club\"}]},{\"@type\":\"WebSite\",\"@id\":\"https:\\\/\\\/www.fly-tirol.at\\\/#website\",\"url\":\"https:\\\/\\\/www.fly-tirol.at\\\/\",\"name\":\"Fly Tirol\",\"description\":\"Drachen und Paragleiter Verein Fieberbrunn\",\"publisher\":{\"@id\":\"https:\\\/\\\/www.fly-tirol.at\\\/#organization\"},\"potentialAction\":[{\"@type\":\"SearchAction\",\"target\":{\"@type\":\"EntryPoint\",\"urlTemplate\":\"https:\\\/\\\/www.fly-tirol.at\\\/?s={search_term_string}\"},\"query-input\":{\"@type\":\"PropertyValueSpecification\",\"valueRequired\":true,\"valueName\":\"search_term_string\"}}],\"inLanguage\":\"de\"},{\"@type\":\"Organization\",\"@id\":\"https:\\\/\\\/www.fly-tirol.at\\\/#organization\",\"name\":\"DFC Fieberbrunn\",\"url\":\"https:\\\/\\\/www.fly-tirol.at\\\/\",\"logo\":{\"@type\":\"ImageObject\",\"inLanguage\":\"de\",\"@id\":\"https:\\\/\\\/www.fly-tirol.at\\\/#\\\/schema\\\/logo\\\/image\\\/\",\"url\":\"https:\\\/\\\/www.fly-tirol.at\\\/wp-content\\\/uploads\\\/2026\\\/04\\\/Logo-transparent.png\",\"contentUrl\":\"https:\\\/\\\/www.fly-tirol.at\\\/wp-content\\\/uploads\\\/2026\\\/04\\\/Logo-transparent.png\",\"width\":894,\"height\":275,\"caption\":\"DFC Fieberbrunn\"},\"image\":{\"@id\":\"https:\\\/\\\/www.fly-tirol.at\\\/#\\\/schema\\\/logo\\\/image\\\/\"}}]}<\/script>\n<!-- \/ Yoast SEO plugin. -->","yoast_head_json":{"title":"Unser Club & Vorstand | Fly Tirol \u2013 DFC Fieberbrunn","description":"Erfahre mehr \u00fcber den DFC Fieberbrunn. Hier stellt sich der Vereinsvorstand des Fly Tirol Drachen- und Paragleiter-Clubs vor.","robots":{"index":"index","follow":"follow","max-snippet":"max-snippet:-1","max-image-preview":"max-image-preview:large","max-video-preview":"max-video-preview:-1"},"canonical":"https:\/\/www.fly-tirol.at\/?page_id=36","og_locale":"de_DE","og_type":"article","og_title":"Unser Club & Vorstand | Fly Tirol \u2013 DFC Fieberbrunn","og_description":"Erfahre mehr \u00fcber den DFC Fieberbrunn. Hier stellt sich der Vereinsvorstand des Fly Tirol Drachen- und Paragleiter-Clubs vor.","og_url":"https:\/\/www.fly-tirol.at\/?page_id=36","og_site_name":"Fly Tirol","article_modified_time":"2026-04-07T14:25:40+00:00","og_image":[{"url":"https:\/\/www.fly-tirol.at\/wp-content\/uploads\/2023\/03\/DSC03531.jpg","type":"","width":"","height":""}],"twitter_card":"summary_large_image","twitter_misc":{"Gesch\u00e4tzte Lesezeit":"1\u00a0Minute"},"schema":{"@context":"https:\/\/schema.org","@graph":[{"@type":"WebPage","@id":"https:\/\/www.fly-tirol.at\/?page_id=36","url":"https:\/\/www.fly-tirol.at\/?page_id=36","name":"Unser Club & Vorstand | Fly Tirol \u2013 DFC Fieberbrunn","isPartOf":{"@id":"https:\/\/www.fly-tirol.at\/#website"},"primaryImageOfPage":{"@id":"https:\/\/www.fly-tirol.at\/?page_id=36#primaryimage"},"image":{"@id":"https:\/\/www.fly-tirol.at\/?page_id=36#primaryimage"},"thumbnailUrl":"https:\/\/www.fly-tirol.at\/wp-content\/uploads\/2023\/03\/DSC03531.jpg","datePublished":"2017-03-14T14:44:49+00:00","dateModified":"2026-04-07T14:25:40+00:00","description":"Erfahre mehr \u00fcber den DFC Fieberbrunn. Hier stellt sich der Vereinsvorstand des Fly Tirol Drachen- und Paragleiter-Clubs vor.","breadcrumb":{"@id":"https:\/\/www.fly-tirol.at\/?page_id=36#breadcrumb"},"inLanguage":"de","potentialAction":[{"@type":"ReadAction","target":["https:\/\/www.fly-tirol.at\/?page_id=36"]}]},{"@type":"ImageObject","inLanguage":"de","@id":"https:\/\/www.fly-tirol.at\/?page_id=36#primaryimage","url":"https:\/\/www.fly-tirol.at\/wp-content\/uploads\/2023\/03\/DSC03531.jpg","contentUrl":"https:\/\/www.fly-tirol.at\/wp-content\/uploads\/2023\/03\/DSC03531.jpg","width":2048,"height":1130},{"@type":"BreadcrumbList","@id":"https:\/\/www.fly-tirol.at\/?page_id=36#breadcrumb","itemListElement":[{"@type":"ListItem","position":1,"name":"Start","item":"https:\/\/www.fly-tirol.at\/"},{"@type":"ListItem","position":2,"name":"Unser Club"}]},{"@type":"WebSite","@id":"https:\/\/www.fly-tirol.at\/#website","url":"https:\/\/www.fly-tirol.at\/","name":"Fly Tirol","description":"Drachen und Paragleiter Verein Fieberbrunn","publisher":{"@id":"https:\/\/www.fly-tirol.at\/#organization"},"potentialAction":[{"@type":"SearchAction","target":{"@type":"EntryPoint","urlTemplate":"https:\/\/www.fly-tirol.at\/?s={search_term_string}"},"query-input":{"@type":"PropertyValueSpecification","valueRequired":true,"valueName":"search_term_string"}}],"inLanguage":"de"},{"@type":"Organization","@id":"https:\/\/www.fly-tirol.at\/#organization","name":"DFC Fieberbrunn","url":"https:\/\/www.fly-tirol.at\/","logo":{"@type":"ImageObject","inLanguage":"de","@id":"https:\/\/www.fly-tirol.at\/#\/schema\/logo\/image\/","url":"https:\/\/www.fly-tirol.at\/wp-content\/uploads\/2026\/04\/Logo-transparent.png","contentUrl":"https:\/\/www.fly-tirol.at\/wp-content\/uploads\/2026\/04\/Logo-transparent.png","width":894,"height":275,"caption":"DFC Fieberbrunn"},"image":{"@id":"https:\/\/www.fly-tirol.at\/#\/schema\/logo\/image\/"}}]}},"_links":{"self":[{"href":"https:\/\/www.fly-tirol.at\/index.php?rest_route=\/wp\/v2\/pages\/36","targetHints":{"allow":["GET"]}}],"collection":[{"href":"https:\/\/www.fly-tirol.at\/index.php?rest_route=\/wp\/v2\/pages"}],"about":[{"href":"https:\/\/www.fly-tirol.at\/index.php?rest_route=\/wp\/v2\/types\/page"}],"author":[{"embeddable":true,"href":"https:\/\/www.fly-tirol.at\/index.php?rest_route=\/wp\/v2\/users\/4"}],"replies":[{"embeddable":true,"href":"https:\/\/www.fly-tirol.at\/index.php?rest_route=%2Fwp%2Fv2%2Fcomments&post=36"}],"version-history":[{"count":4,"href":"https:\/\/www.fly-tirol.at\/index.php?rest_route=\/wp\/v2\/pages\/36\/revisions"}],"predecessor-version":[{"id":943,"href":"https:\/\/www.fly-tirol.at\/index.php?rest_route=\/wp\/v2\/pages\/36\/revisions\/943"}],"wp:attachment":[{"href":"https:\/\/www.fly-tirol.at\/index.php?rest_route=%2Fwp%2Fv2%2Fmedia&parent=36"}],"curies":[{"name":"wp","href":"https:\/\/api.w.org\/{rel}","templated":true}]}}